{"id":69,"date":"2017-04-03T11:52:42","date_gmt":"2017-04-03T09:52:42","guid":{"rendered":"http:\/\/www.toilettenverleih.com\/?page_id=69"},"modified":"2017-04-03T11:52:42","modified_gmt":"2017-04-03T09:52:42","slug":"toilettenkabinen-hochzeit","status":"publish","type":"page","link":"https:\/\/www.toilettenverleih.com\/?page_id=69","title":{"rendered":"Toilettenkabinen Hochzeit"},"content":{"rendered":"<h2>Toilettenkabinen Hochzeiten<\/h2>\n<p>Eine Hochzeit ist mit das sch\u00f6nste Erlebnis im Leben eines Menschen. Dabei haben die Paare auch h\u00e4ufig ausgefallene Ideen was den Veranstaltungsort der Hochzeitsfeier betrifft. Wenn Sie z.B. Ihre Hochzeit auf einer Wiese in der Natur abhalten wollen oder etwa am Ufer eines Sees, dann wird es schwer den G\u00e4sten eine Toilettenm\u00f6glichkeit zu bieten.<\/p>\n<p>Ramses mobile \u00d6rtchen liefert die Toilettenkabine f\u00fcr Ihre Hochzeit. Damit sind den Ideen f\u00fcr den Veranstaltungsort keine Grenzen gesetzt. Nat\u00fcrlich k\u00f6nnen Sie auch eine Toilettenkabine daf\u00fcr nutzen, um Ihre heimische Toilette vor zu viel Besucherverkehr zu sch\u00fctzen.<\/p>\n<p>Wir w\u00fcrden uns freuen, wenn wir am sch\u00f6nsten Tag Ihres Lebens einen kleinen Beitrag, in Form einer Toilettnkabine, beisteuern k\u00f6nnten.<\/p>\n<hr \/>\n<p>Ben\u00f6tigen Sie weitere Informationen zu\u00a0<b>Toilettenkabinen Hochzeiten<\/b>?<\/p>\n<p>Wir stehen Ihnen jeder Zeit zur Verf\u00fcgung. Rufen Sie uns an oder nutzen Sie einfach unser Kontaktformular:<\/p>\n<p><a class=\"hauptfenster\" href=\"http:\/\/alt.toilettenverleih.com\/kontakt.htm\">\u00bb Zum Kontaktformular<\/a><\/p>\n","protected":false},"excerpt":{"rendered":"<p>Toilettenkabinen Hochzeiten Eine Hochzeit ist mit das sch\u00f6nste Erlebnis im Leben eines Menschen. Dabei haben die Paare auch h\u00e4ufig ausgefallene Ideen was den Veranstaltungsort der Hochzeitsfeier betrifft. Wenn Sie z.B. Ihre Hochzeit auf einer Wiese in der Natur abhalten wollen oder etwa am Ufer eines Sees, dann wird es schwer den G\u00e4sten eine Toilettenm\u00f6glichkeit zu [&hellip;]<\/p>\n","protected":false},"author":1,"featured_media":0,"parent":0,"menu_order":0,"comment_status":"closed","ping_status":"closed","template":"","meta":{"ngg_post_thumbnail":0,"footnotes":""},"yoast_head":"<!-- This site is optimized with the Yoast SEO plugin v22.5 - https:\/\/yoast.com\/wordpress\/plugins\/seo\/ -->\n<title>Toilettenkabinen Hochzeit - Ramses mobile \u00d6rtchen<\/title>\n<meta name=\"robots\" content=\"index, follow, max-snippet:-1, max-image-preview:large, max-video-preview:-1\" \/>\n<link rel=\"canonical\" href=\"https:\/\/www.toilettenverleih.com\/?page_id=69\" \/>\n<meta property=\"og:locale\" content=\"de_DE\" \/>\n<meta property=\"og:type\" content=\"article\" \/>\n<meta property=\"og:title\" content=\"Toilettenkabinen Hochzeit - Ramses mobile \u00d6rtchen\" \/>\n<meta property=\"og:description\" content=\"Toilettenkabinen Hochzeiten Eine Hochzeit ist mit das sch\u00f6nste Erlebnis im Leben eines Menschen. Dabei haben die Paare auch h\u00e4ufig ausgefallene Ideen was den Veranstaltungsort der Hochzeitsfeier betrifft. Wenn Sie z.B. Ihre Hochzeit auf einer Wiese in der Natur abhalten wollen oder etwa am Ufer eines Sees, dann wird es schwer den G\u00e4sten eine Toilettenm\u00f6glichkeit zu [&hellip;]\" \/>\n<meta property=\"og:url\" content=\"https:\/\/www.toilettenverleih.com\/?page_id=69\" \/>\n<meta property=\"og:site_name\" content=\"Ramses mobile \u00d6rtchen\" \/>\n<meta name=\"twitter:card\" content=\"summary_large_image\" \/>\n<meta name=\"twitter:label1\" content=\"Gesch\u00e4tzte Lesezeit\" \/>\n\t<meta name=\"twitter:data1\" content=\"1\u00a0Minute\" \/>\n<script type=\"application\/ld+json\" class=\"yoast-schema-graph\">{\"@context\":\"https:\/\/schema.org\",\"@graph\":[{\"@type\":\"WebPage\",\"@id\":\"https:\/\/www.toilettenverleih.com\/?page_id=69\",\"url\":\"https:\/\/www.toilettenverleih.com\/?page_id=69\",\"name\":\"Toilettenkabinen Hochzeit - Ramses mobile \u00d6rtchen\",\"isPartOf\":{\"@id\":\"https:\/\/www.toilettenverleih.com\/#website\"},\"datePublished\":\"2017-04-03T09:52:42+00:00\",\"dateModified\":\"2017-04-03T09:52:42+00:00\",\"breadcrumb\":{\"@id\":\"https:\/\/www.toilettenverleih.com\/?page_id=69#breadcrumb\"},\"inLanguage\":\"de\",\"potentialAction\":[{\"@type\":\"ReadAction\",\"target\":[\"https:\/\/www.toilettenverleih.com\/?page_id=69\"]}]},{\"@type\":\"BreadcrumbList\",\"@id\":\"https:\/\/www.toilettenverleih.com\/?page_id=69#breadcrumb\",\"itemListElement\":[{\"@type\":\"ListItem\",\"position\":1,\"name\":\"Startseite\",\"item\":\"https:\/\/www.toilettenverleih.com\/\"},{\"@type\":\"ListItem\",\"position\":2,\"name\":\"Toilettenkabinen Hochzeit\"}]},{\"@type\":\"WebSite\",\"@id\":\"https:\/\/www.toilettenverleih.com\/#website\",\"url\":\"https:\/\/www.toilettenverleih.com\/\",\"name\":\"Ramses mobile \u00d6rtchen\",\"description\":\"Eine weitere WordPress Website\",\"potentialAction\":[{\"@type\":\"SearchAction\",\"target\":{\"@type\":\"EntryPoint\",\"urlTemplate\":\"https:\/\/www.toilettenverleih.com\/?s={search_term_string}\"},\"query-input\":\"required name=search_term_string\"}],\"inLanguage\":\"de\"}]}<\/script>\n<!-- \/ Yoast SEO plugin. -->","yoast_head_json":{"title":"Toilettenkabinen Hochzeit - Ramses mobile \u00d6rtchen","robots":{"index":"index","follow":"follow","max-snippet":"max-snippet:-1","max-image-preview":"max-image-preview:large","max-video-preview":"max-video-preview:-1"},"canonical":"https:\/\/www.toilettenverleih.com\/?page_id=69","og_locale":"de_DE","og_type":"article","og_title":"Toilettenkabinen Hochzeit - Ramses mobile \u00d6rtchen","og_description":"Toilettenkabinen Hochzeiten Eine Hochzeit ist mit das sch\u00f6nste Erlebnis im Leben eines Menschen. Dabei haben die Paare auch h\u00e4ufig ausgefallene Ideen was den Veranstaltungsort der Hochzeitsfeier betrifft. Wenn Sie z.B. Ihre Hochzeit auf einer Wiese in der Natur abhalten wollen oder etwa am Ufer eines Sees, dann wird es schwer den G\u00e4sten eine Toilettenm\u00f6glichkeit zu [&hellip;]","og_url":"https:\/\/www.toilettenverleih.com\/?page_id=69","og_site_name":"Ramses mobile \u00d6rtchen","twitter_card":"summary_large_image","twitter_misc":{"Gesch\u00e4tzte Lesezeit":"1\u00a0Minute"},"schema":{"@context":"https:\/\/schema.org","@graph":[{"@type":"WebPage","@id":"https:\/\/www.toilettenverleih.com\/?page_id=69","url":"https:\/\/www.toilettenverleih.com\/?page_id=69","name":"Toilettenkabinen Hochzeit - Ramses mobile \u00d6rtchen","isPartOf":{"@id":"https:\/\/www.toilettenverleih.com\/#website"},"datePublished":"2017-04-03T09:52:42+00:00","dateModified":"2017-04-03T09:52:42+00:00","breadcrumb":{"@id":"https:\/\/www.toilettenverleih.com\/?page_id=69#breadcrumb"},"inLanguage":"de","potentialAction":[{"@type":"ReadAction","target":["https:\/\/www.toilettenverleih.com\/?page_id=69"]}]},{"@type":"BreadcrumbList","@id":"https:\/\/www.toilettenverleih.com\/?page_id=69#breadcrumb","itemListElement":[{"@type":"ListItem","position":1,"name":"Startseite","item":"https:\/\/www.toilettenverleih.com\/"},{"@type":"ListItem","position":2,"name":"Toilettenkabinen Hochzeit"}]},{"@type":"WebSite","@id":"https:\/\/www.toilettenverleih.com\/#website","url":"https:\/\/www.toilettenverleih.com\/","name":"Ramses mobile \u00d6rtchen","description":"Eine weitere WordPress Website","potentialAction":[{"@type":"SearchAction","target":{"@type":"EntryPoint","urlTemplate":"https:\/\/www.toilettenverleih.com\/?s={search_term_string}"},"query-input":"required name=search_term_string"}],"inLanguage":"de"}]}},"_links":{"self":[{"href":"https:\/\/www.toilettenverleih.com\/index.php?rest_route=\/wp\/v2\/pages\/69"}],"collection":[{"href":"https:\/\/www.toilettenverleih.com\/index.php?rest_route=\/wp\/v2\/pages"}],"about":[{"href":"https:\/\/www.toilettenverleih.com\/index.php?rest_route=\/wp\/v2\/types\/page"}],"author":[{"embeddable":true,"href":"https:\/\/www.toilettenverleih.com\/index.php?rest_route=\/wp\/v2\/users\/1"}],"replies":[{"embeddable":true,"href":"https:\/\/www.toilettenverleih.com\/index.php?rest_route=%2Fwp%2Fv2%2Fcomments&post=69"}],"version-history":[{"count":1,"href":"https:\/\/www.toilettenverleih.com\/index.php?rest_route=\/wp\/v2\/pages\/69\/revisions"}],"predecessor-version":[{"id":70,"href":"https:\/\/www.toilettenverleih.com\/index.php?rest_route=\/wp\/v2\/pages\/69\/revisions\/70"}],"wp:attachment":[{"href":"https:\/\/www.toilettenverleih.com\/index.php?rest_route=%2Fwp%2Fv2%2Fmedia&parent=69"}],"curies":[{"name":"wp","href":"https:\/\/api.w.org\/{rel}","templated":true}]}}