{"id":67,"date":"2017-04-03T11:51:03","date_gmt":"2017-04-03T09:51:03","guid":{"rendered":"http:\/\/www.toilettenverleih.com\/?page_id=67"},"modified":"2017-04-03T11:51:03","modified_gmt":"2017-04-03T09:51:03","slug":"toilettenkabinen-party","status":"publish","type":"page","link":"https:\/\/www.toilettenverleih.com\/?page_id=67","title":{"rendered":"Toilettenkabinen Party"},"content":{"rendered":"<h2>Toilettenkabinen Partys<\/h2>\n<p>Eine Party kann zur gro\u00dfen Belastungsprobe f\u00fcr das heimische WC werden. Unsere Toilettenkabinen k\u00f6nnen da abhilfe schaffen. Dabei spielt es keine Rolle ob Sie die Toilettenkabine ben\u00f6tigen um Ihre heimische Toilette zu &#8222;schonen&#8220; oder ob an Ihrem Ausrichtungsort keine anderen sanit\u00e4ren Einrichtungen gegeben sind.<\/p>\n<p>Feiern Sie doch mal eine Party abseits auf freiem Felde oder auf einer Waldlichtung. Auch dorthin liefern wir unsere Toilettenkabinen.<\/p>\n<p>Service wird dabei bei uns gro\u00df geschrieben!<\/p>\n<hr \/>\n<p>Ben\u00f6tigen Sie weitere Informationen zu\u00a0<b>Toilettenkabinen Partys<\/b>?<\/p>\n<p>Wir stehen Ihnen jeder Zeit zur Verf\u00fcgung. Rufen Sie uns an oder nutzen Sie einfach unser Kontaktformular:<\/p>\n<p><a class=\"hauptfenster\" href=\"http:\/\/alt.toilettenverleih.com\/kontakt.htm\">\u00bb Zum Kontaktformular<\/a><\/p>\n","protected":false},"excerpt":{"rendered":"<p>Toilettenkabinen Partys Eine Party kann zur gro\u00dfen Belastungsprobe f\u00fcr das heimische WC werden. Unsere Toilettenkabinen k\u00f6nnen da abhilfe schaffen. Dabei spielt es keine Rolle ob Sie die Toilettenkabine ben\u00f6tigen um Ihre heimische Toilette zu &#8222;schonen&#8220; oder ob an Ihrem Ausrichtungsort keine anderen sanit\u00e4ren Einrichtungen gegeben sind. Feiern Sie doch mal eine Party abseits auf freiem [&hellip;]<\/p>\n","protected":false},"author":1,"featured_media":0,"parent":0,"menu_order":0,"comment_status":"closed","ping_status":"closed","template":"","meta":{"ngg_post_thumbnail":0,"footnotes":""},"yoast_head":"<!-- This site is optimized with the Yoast SEO plugin v22.5 - https:\/\/yoast.com\/wordpress\/plugins\/seo\/ -->\n<title>Toilettenkabinen Party - Ramses mobile \u00d6rtchen<\/title>\n<meta name=\"robots\" content=\"index, follow, max-snippet:-1, max-image-preview:large, max-video-preview:-1\" \/>\n<link rel=\"canonical\" href=\"https:\/\/www.toilettenverleih.com\/?page_id=67\" \/>\n<meta property=\"og:locale\" content=\"de_DE\" \/>\n<meta property=\"og:type\" content=\"article\" \/>\n<meta property=\"og:title\" content=\"Toilettenkabinen Party - Ramses mobile \u00d6rtchen\" \/>\n<meta property=\"og:description\" content=\"Toilettenkabinen Partys Eine Party kann zur gro\u00dfen Belastungsprobe f\u00fcr das heimische WC werden. Unsere Toilettenkabinen k\u00f6nnen da abhilfe schaffen. Dabei spielt es keine Rolle ob Sie die Toilettenkabine ben\u00f6tigen um Ihre heimische Toilette zu &#8222;schonen&#8220; oder ob an Ihrem Ausrichtungsort keine anderen sanit\u00e4ren Einrichtungen gegeben sind. Feiern Sie doch mal eine Party abseits auf freiem [&hellip;]\" \/>\n<meta property=\"og:url\" content=\"https:\/\/www.toilettenverleih.com\/?page_id=67\" \/>\n<meta property=\"og:site_name\" content=\"Ramses mobile \u00d6rtchen\" \/>\n<meta name=\"twitter:card\" content=\"summary_large_image\" \/>\n<meta name=\"twitter:label1\" content=\"Gesch\u00e4tzte Lesezeit\" \/>\n\t<meta name=\"twitter:data1\" content=\"1\u00a0Minute\" \/>\n<script type=\"application\/ld+json\" class=\"yoast-schema-graph\">{\"@context\":\"https:\/\/schema.org\",\"@graph\":[{\"@type\":\"WebPage\",\"@id\":\"https:\/\/www.toilettenverleih.com\/?page_id=67\",\"url\":\"https:\/\/www.toilettenverleih.com\/?page_id=67\",\"name\":\"Toilettenkabinen Party - Ramses mobile \u00d6rtchen\",\"isPartOf\":{\"@id\":\"https:\/\/www.toilettenverleih.com\/#website\"},\"datePublished\":\"2017-04-03T09:51:03+00:00\",\"dateModified\":\"2017-04-03T09:51:03+00:00\",\"breadcrumb\":{\"@id\":\"https:\/\/www.toilettenverleih.com\/?page_id=67#breadcrumb\"},\"inLanguage\":\"de\",\"potentialAction\":[{\"@type\":\"ReadAction\",\"target\":[\"https:\/\/www.toilettenverleih.com\/?page_id=67\"]}]},{\"@type\":\"BreadcrumbList\",\"@id\":\"https:\/\/www.toilettenverleih.com\/?page_id=67#breadcrumb\",\"itemListElement\":[{\"@type\":\"ListItem\",\"position\":1,\"name\":\"Startseite\",\"item\":\"https:\/\/www.toilettenverleih.com\/\"},{\"@type\":\"ListItem\",\"position\":2,\"name\":\"Toilettenkabinen Party\"}]},{\"@type\":\"WebSite\",\"@id\":\"https:\/\/www.toilettenverleih.com\/#website\",\"url\":\"https:\/\/www.toilettenverleih.com\/\",\"name\":\"Ramses mobile \u00d6rtchen\",\"description\":\"Eine weitere WordPress Website\",\"potentialAction\":[{\"@type\":\"SearchAction\",\"target\":{\"@type\":\"EntryPoint\",\"urlTemplate\":\"https:\/\/www.toilettenverleih.com\/?s={search_term_string}\"},\"query-input\":\"required name=search_term_string\"}],\"inLanguage\":\"de\"}]}<\/script>\n<!-- \/ Yoast SEO plugin. -->","yoast_head_json":{"title":"Toilettenkabinen Party - Ramses mobile \u00d6rtchen","robots":{"index":"index","follow":"follow","max-snippet":"max-snippet:-1","max-image-preview":"max-image-preview:large","max-video-preview":"max-video-preview:-1"},"canonical":"https:\/\/www.toilettenverleih.com\/?page_id=67","og_locale":"de_DE","og_type":"article","og_title":"Toilettenkabinen Party - Ramses mobile \u00d6rtchen","og_description":"Toilettenkabinen Partys Eine Party kann zur gro\u00dfen Belastungsprobe f\u00fcr das heimische WC werden. Unsere Toilettenkabinen k\u00f6nnen da abhilfe schaffen. Dabei spielt es keine Rolle ob Sie die Toilettenkabine ben\u00f6tigen um Ihre heimische Toilette zu &#8222;schonen&#8220; oder ob an Ihrem Ausrichtungsort keine anderen sanit\u00e4ren Einrichtungen gegeben sind. Feiern Sie doch mal eine Party abseits auf freiem [&hellip;]","og_url":"https:\/\/www.toilettenverleih.com\/?page_id=67","og_site_name":"Ramses mobile \u00d6rtchen","twitter_card":"summary_large_image","twitter_misc":{"Gesch\u00e4tzte Lesezeit":"1\u00a0Minute"},"schema":{"@context":"https:\/\/schema.org","@graph":[{"@type":"WebPage","@id":"https:\/\/www.toilettenverleih.com\/?page_id=67","url":"https:\/\/www.toilettenverleih.com\/?page_id=67","name":"Toilettenkabinen Party - Ramses mobile \u00d6rtchen","isPartOf":{"@id":"https:\/\/www.toilettenverleih.com\/#website"},"datePublished":"2017-04-03T09:51:03+00:00","dateModified":"2017-04-03T09:51:03+00:00","breadcrumb":{"@id":"https:\/\/www.toilettenverleih.com\/?page_id=67#breadcrumb"},"inLanguage":"de","potentialAction":[{"@type":"ReadAction","target":["https:\/\/www.toilettenverleih.com\/?page_id=67"]}]},{"@type":"BreadcrumbList","@id":"https:\/\/www.toilettenverleih.com\/?page_id=67#breadcrumb","itemListElement":[{"@type":"ListItem","position":1,"name":"Startseite","item":"https:\/\/www.toilettenverleih.com\/"},{"@type":"ListItem","position":2,"name":"Toilettenkabinen Party"}]},{"@type":"WebSite","@id":"https:\/\/www.toilettenverleih.com\/#website","url":"https:\/\/www.toilettenverleih.com\/","name":"Ramses mobile \u00d6rtchen","description":"Eine weitere WordPress Website","potentialAction":[{"@type":"SearchAction","target":{"@type":"EntryPoint","urlTemplate":"https:\/\/www.toilettenverleih.com\/?s={search_term_string}"},"query-input":"required name=search_term_string"}],"inLanguage":"de"}]}},"_links":{"self":[{"href":"https:\/\/www.toilettenverleih.com\/index.php?rest_route=\/wp\/v2\/pages\/67"}],"collection":[{"href":"https:\/\/www.toilettenverleih.com\/index.php?rest_route=\/wp\/v2\/pages"}],"about":[{"href":"https:\/\/www.toilettenverleih.com\/index.php?rest_route=\/wp\/v2\/types\/page"}],"author":[{"embeddable":true,"href":"https:\/\/www.toilettenverleih.com\/index.php?rest_route=\/wp\/v2\/users\/1"}],"replies":[{"embeddable":true,"href":"https:\/\/www.toilettenverleih.com\/index.php?rest_route=%2Fwp%2Fv2%2Fcomments&post=67"}],"version-history":[{"count":1,"href":"https:\/\/www.toilettenverleih.com\/index.php?rest_route=\/wp\/v2\/pages\/67\/revisions"}],"predecessor-version":[{"id":68,"href":"https:\/\/www.toilettenverleih.com\/index.php?rest_route=\/wp\/v2\/pages\/67\/revisions\/68"}],"wp:attachment":[{"href":"https:\/\/www.toilettenverleih.com\/index.php?rest_route=%2Fwp%2Fv2%2Fmedia&parent=67"}],"curies":[{"name":"wp","href":"https:\/\/api.w.org\/{rel}","templated":true}]}}