{"id":65,"date":"2017-04-03T11:49:02","date_gmt":"2017-04-03T09:49:02","guid":{"rendered":"http:\/\/www.toilettenverleih.com\/?page_id=65"},"modified":"2017-04-03T11:49:34","modified_gmt":"2017-04-03T09:49:34","slug":"toilettenkabinen-baustelle","status":"publish","type":"page","link":"https:\/\/www.toilettenverleih.com\/?page_id=65","title":{"rendered":"Toilettenkabinen Baustelle"},"content":{"rendered":"<h2>Toilettenkabinen Baustellen<\/h2>\n<p>Unsere Toilettenkabinen findet man mit am h\u00e4ufigsten auf Baustellen. Unsere Kunden ben\u00f6tigen f\u00fcr ihre Mitarbeiter auf den Baustellen mobile Toilettenkabinen, da andere sanit\u00e4re Einrichtungen nicht verf\u00fcgbar sind.<\/p>\n<p>Durch unsere lange Gesch\u00e4ftserfahrung haben wir gelernt, auf was es in der Baubranche ankommt. P\u00fcnktlichkeit und Liefertreue sind auf der Baustelle das A und O. Wir von Ramses mobile \u00d6rtchen k\u00f6nnen unseren Kunden eine Liefertreue garantieren, welche den wenigsten Anbietern in unserem Gesch\u00e4ft m\u00f6glich ist.<\/p>\n<p>Zu unseren Serviceleistungen geh\u00f6ren unter anderem:<br \/>\n&#8211; Aufstellen der Toilettenkabine auf Ihrer Baustelle<br \/>\n&#8211; Ausstattung der Toilettenkabine mit Toilettenpapier<br \/>\n&#8211; Auf Wunsch laufende Reinigung der Toilettenkabine<br \/>\n&#8211; Abbau der Toilettenkabine<br \/>\n&#8211; Entsorgung der R\u00fcckst\u00e4nde.<\/p>\n<p>Auch Sonderw\u00fcnsche sind bei uns m\u00f6glich. Wir k\u00f6nnen Sie auch dar\u00fcber beraten, wie viele Toilettenkabinen Ihre Baustelle ben\u00f6tigt.<\/p>\n<p>Wenn auch Sie ein mobiles WC f\u00fcr Ihre Baustellen ben\u00f6tigen versuchen Sie es doch einmal mit einer Toilettenkabine von Ramses mobile \u00d6rtchen.<\/p>\n<hr \/>\n<p>Ben\u00f6tigen Sie weitere Informationen zu\u00a0<b>Toilettenkabinen Baustellen<\/b>?<\/p>\n<p>Wir stehen Ihnen jeder Zeit zur Verf\u00fcgung. Rufen Sie uns an oder nutzen Sie einfach unser Kontaktformular:<\/p>\n<p><a class=\"hauptfenster\" href=\"http:\/\/alt.toilettenverleih.com\/kontakt.htm\">\u00bb Zum Kontaktformular<\/a><\/p>\n","protected":false},"excerpt":{"rendered":"<p>Toilettenkabinen Baustellen Unsere Toilettenkabinen findet man mit am h\u00e4ufigsten auf Baustellen. Unsere Kunden ben\u00f6tigen f\u00fcr ihre Mitarbeiter auf den Baustellen mobile Toilettenkabinen, da andere sanit\u00e4re Einrichtungen nicht verf\u00fcgbar sind. Durch unsere lange Gesch\u00e4ftserfahrung haben wir gelernt, auf was es in der Baubranche ankommt. P\u00fcnktlichkeit und Liefertreue sind auf der Baustelle das A und O. Wir [&hellip;]<\/p>\n","protected":false},"author":1,"featured_media":0,"parent":0,"menu_order":0,"comment_status":"closed","ping_status":"closed","template":"","meta":{"ngg_post_thumbnail":0,"footnotes":""},"yoast_head":"<!-- This site is optimized with the Yoast SEO plugin v22.5 - https:\/\/yoast.com\/wordpress\/plugins\/seo\/ -->\n<title>Toilettenkabinen Baustelle - Ramses mobile \u00d6rtchen<\/title>\n<meta name=\"robots\" content=\"index, follow, max-snippet:-1, max-image-preview:large, max-video-preview:-1\" \/>\n<link rel=\"canonical\" href=\"https:\/\/www.toilettenverleih.com\/?page_id=65\" \/>\n<meta property=\"og:locale\" content=\"de_DE\" \/>\n<meta property=\"og:type\" content=\"article\" \/>\n<meta property=\"og:title\" content=\"Toilettenkabinen Baustelle - Ramses mobile \u00d6rtchen\" \/>\n<meta property=\"og:description\" content=\"Toilettenkabinen Baustellen Unsere Toilettenkabinen findet man mit am h\u00e4ufigsten auf Baustellen. Unsere Kunden ben\u00f6tigen f\u00fcr ihre Mitarbeiter auf den Baustellen mobile Toilettenkabinen, da andere sanit\u00e4re Einrichtungen nicht verf\u00fcgbar sind. Durch unsere lange Gesch\u00e4ftserfahrung haben wir gelernt, auf was es in der Baubranche ankommt. P\u00fcnktlichkeit und Liefertreue sind auf der Baustelle das A und O. Wir [&hellip;]\" \/>\n<meta property=\"og:url\" content=\"https:\/\/www.toilettenverleih.com\/?page_id=65\" \/>\n<meta property=\"og:site_name\" content=\"Ramses mobile \u00d6rtchen\" \/>\n<meta property=\"article:modified_time\" content=\"2017-04-03T09:49:34+00:00\" \/>\n<meta name=\"twitter:card\" content=\"summary_large_image\" \/>\n<meta name=\"twitter:label1\" content=\"Gesch\u00e4tzte Lesezeit\" \/>\n\t<meta name=\"twitter:data1\" content=\"1\u00a0Minute\" \/>\n<script type=\"application\/ld+json\" class=\"yoast-schema-graph\">{\"@context\":\"https:\/\/schema.org\",\"@graph\":[{\"@type\":\"WebPage\",\"@id\":\"https:\/\/www.toilettenverleih.com\/?page_id=65\",\"url\":\"https:\/\/www.toilettenverleih.com\/?page_id=65\",\"name\":\"Toilettenkabinen Baustelle - Ramses mobile \u00d6rtchen\",\"isPartOf\":{\"@id\":\"https:\/\/www.toilettenverleih.com\/#website\"},\"datePublished\":\"2017-04-03T09:49:02+00:00\",\"dateModified\":\"2017-04-03T09:49:34+00:00\",\"breadcrumb\":{\"@id\":\"https:\/\/www.toilettenverleih.com\/?page_id=65#breadcrumb\"},\"inLanguage\":\"de\",\"potentialAction\":[{\"@type\":\"ReadAction\",\"target\":[\"https:\/\/www.toilettenverleih.com\/?page_id=65\"]}]},{\"@type\":\"BreadcrumbList\",\"@id\":\"https:\/\/www.toilettenverleih.com\/?page_id=65#breadcrumb\",\"itemListElement\":[{\"@type\":\"ListItem\",\"position\":1,\"name\":\"Startseite\",\"item\":\"https:\/\/www.toilettenverleih.com\/\"},{\"@type\":\"ListItem\",\"position\":2,\"name\":\"Toilettenkabinen Baustelle\"}]},{\"@type\":\"WebSite\",\"@id\":\"https:\/\/www.toilettenverleih.com\/#website\",\"url\":\"https:\/\/www.toilettenverleih.com\/\",\"name\":\"Ramses mobile \u00d6rtchen\",\"description\":\"Eine weitere WordPress Website\",\"potentialAction\":[{\"@type\":\"SearchAction\",\"target\":{\"@type\":\"EntryPoint\",\"urlTemplate\":\"https:\/\/www.toilettenverleih.com\/?s={search_term_string}\"},\"query-input\":\"required name=search_term_string\"}],\"inLanguage\":\"de\"}]}<\/script>\n<!-- \/ Yoast SEO plugin. -->","yoast_head_json":{"title":"Toilettenkabinen Baustelle - Ramses mobile \u00d6rtchen","robots":{"index":"index","follow":"follow","max-snippet":"max-snippet:-1","max-image-preview":"max-image-preview:large","max-video-preview":"max-video-preview:-1"},"canonical":"https:\/\/www.toilettenverleih.com\/?page_id=65","og_locale":"de_DE","og_type":"article","og_title":"Toilettenkabinen Baustelle - Ramses mobile \u00d6rtchen","og_description":"Toilettenkabinen Baustellen Unsere Toilettenkabinen findet man mit am h\u00e4ufigsten auf Baustellen. Unsere Kunden ben\u00f6tigen f\u00fcr ihre Mitarbeiter auf den Baustellen mobile Toilettenkabinen, da andere sanit\u00e4re Einrichtungen nicht verf\u00fcgbar sind. Durch unsere lange Gesch\u00e4ftserfahrung haben wir gelernt, auf was es in der Baubranche ankommt. P\u00fcnktlichkeit und Liefertreue sind auf der Baustelle das A und O. Wir [&hellip;]","og_url":"https:\/\/www.toilettenverleih.com\/?page_id=65","og_site_name":"Ramses mobile \u00d6rtchen","article_modified_time":"2017-04-03T09:49:34+00:00","twitter_card":"summary_large_image","twitter_misc":{"Gesch\u00e4tzte Lesezeit":"1\u00a0Minute"},"schema":{"@context":"https:\/\/schema.org","@graph":[{"@type":"WebPage","@id":"https:\/\/www.toilettenverleih.com\/?page_id=65","url":"https:\/\/www.toilettenverleih.com\/?page_id=65","name":"Toilettenkabinen Baustelle - Ramses mobile \u00d6rtchen","isPartOf":{"@id":"https:\/\/www.toilettenverleih.com\/#website"},"datePublished":"2017-04-03T09:49:02+00:00","dateModified":"2017-04-03T09:49:34+00:00","breadcrumb":{"@id":"https:\/\/www.toilettenverleih.com\/?page_id=65#breadcrumb"},"inLanguage":"de","potentialAction":[{"@type":"ReadAction","target":["https:\/\/www.toilettenverleih.com\/?page_id=65"]}]},{"@type":"BreadcrumbList","@id":"https:\/\/www.toilettenverleih.com\/?page_id=65#breadcrumb","itemListElement":[{"@type":"ListItem","position":1,"name":"Startseite","item":"https:\/\/www.toilettenverleih.com\/"},{"@type":"ListItem","position":2,"name":"Toilettenkabinen Baustelle"}]},{"@type":"WebSite","@id":"https:\/\/www.toilettenverleih.com\/#website","url":"https:\/\/www.toilettenverleih.com\/","name":"Ramses mobile \u00d6rtchen","description":"Eine weitere WordPress Website","potentialAction":[{"@type":"SearchAction","target":{"@type":"EntryPoint","urlTemplate":"https:\/\/www.toilettenverleih.com\/?s={search_term_string}"},"query-input":"required name=search_term_string"}],"inLanguage":"de"}]}},"_links":{"self":[{"href":"https:\/\/www.toilettenverleih.com\/index.php?rest_route=\/wp\/v2\/pages\/65"}],"collection":[{"href":"https:\/\/www.toilettenverleih.com\/index.php?rest_route=\/wp\/v2\/pages"}],"about":[{"href":"https:\/\/www.toilettenverleih.com\/index.php?rest_route=\/wp\/v2\/types\/page"}],"author":[{"embeddable":true,"href":"https:\/\/www.toilettenverleih.com\/index.php?rest_route=\/wp\/v2\/users\/1"}],"replies":[{"embeddable":true,"href":"https:\/\/www.toilettenverleih.com\/index.php?rest_route=%2Fwp%2Fv2%2Fcomments&post=65"}],"version-history":[{"count":1,"href":"https:\/\/www.toilettenverleih.com\/index.php?rest_route=\/wp\/v2\/pages\/65\/revisions"}],"predecessor-version":[{"id":66,"href":"https:\/\/www.toilettenverleih.com\/index.php?rest_route=\/wp\/v2\/pages\/65\/revisions\/66"}],"wp:attachment":[{"href":"https:\/\/www.toilettenverleih.com\/index.php?rest_route=%2Fwp%2Fv2%2Fmedia&parent=65"}],"curies":[{"name":"wp","href":"https:\/\/api.w.org\/{rel}","templated":true}]}}