{"id":210,"date":"2017-05-30T13:55:57","date_gmt":"2017-05-30T11:55:57","guid":{"rendered":"http:\/\/www.toilettenverleih.com\/?page_id=210"},"modified":"2017-05-30T13:55:57","modified_gmt":"2017-05-30T11:55:57","slug":"toilettenwagen-karlsruhe","status":"publish","type":"page","link":"https:\/\/www.toilettenverleih.com\/?page_id=210","title":{"rendered":"Toilettenwagen Karlsruhe"},"content":{"rendered":"<h2>Toilettenwagen Karlsruhe<\/h2>\n<p><b>Ein Toilettenwagen f\u00fcr jedes Fest in Karlsruhe.<\/b> Das k\u00f6nnte unser Motto sein. Wir bei Ramses haben es uns zur Aufgabe gemacht, Ihnen f\u00fcr jeden Veranstaltungstyp den <b>passenden Toilettenwagen oder Sanit\u00e4rcontainer nach Karlsruhe<\/b> zu liefern.<\/p>\n<p>Wir haben fr\u00fch erkannt, dass man in Karlsruhe gerne feiert. Aber wo viele Leute feiern, m\u00fcssen auch viele Leute auf die Toilette. Was w\u00e4re da besser als ein Toilettenwagen von Ramses mobile \u00d6rtchen. Unsere Toilettenwagen sind in unterschiedlichen Gr\u00f6\u00dfen erh\u00e4ltlich und wahlweise auch mit Betreuung am Objekt durch Sanit\u00e4rpersonal buchbar.<\/p>\n<p>Wir w\u00fcrden uns freuen auch Ihre Veranstaltung in Karlsruhe mit einem Toilettenwagen zu betreuen.<\/p>\n<hr \/>\n<p>Ben\u00f6tigen Sie weitere Informationen zu <b>Toilettenwagen Karlsruhe<\/b>?<\/p>\n<p>Wir stehen Ihnen jeder Zeit zur Verf\u00fcgung. Rufen Sie uns an oder nutzen Sie einfach unser Kontaktformular:<\/p>\n<p><a class=\"hauptfenster\" href=\"http:\/\/alt.toilettenverleih.com\/kontakt.htm\">\u00bb Zum Kontaktformular<\/a><\/p>\n","protected":false},"excerpt":{"rendered":"<p>Toilettenwagen Karlsruhe Ein Toilettenwagen f\u00fcr jedes Fest in Karlsruhe. Das k\u00f6nnte unser Motto sein. Wir bei Ramses haben es uns zur Aufgabe gemacht, Ihnen f\u00fcr jeden Veranstaltungstyp den passenden Toilettenwagen oder Sanit\u00e4rcontainer nach Karlsruhe zu liefern. Wir haben fr\u00fch erkannt, dass man in Karlsruhe gerne feiert. Aber wo viele Leute feiern, m\u00fcssen auch viele Leute [&hellip;]<\/p>\n","protected":false},"author":1,"featured_media":0,"parent":0,"menu_order":0,"comment_status":"closed","ping_status":"closed","template":"","meta":{"ngg_post_thumbnail":0,"footnotes":""},"yoast_head":"<!-- This site is optimized with the Yoast SEO plugin v22.5 - https:\/\/yoast.com\/wordpress\/plugins\/seo\/ -->\n<title>Toilettenwagen Karlsruhe - Ramses mobile \u00d6rtchen<\/title>\n<meta name=\"robots\" content=\"index, follow, max-snippet:-1, max-image-preview:large, max-video-preview:-1\" \/>\n<link rel=\"canonical\" href=\"https:\/\/www.toilettenverleih.com\/?page_id=210\" \/>\n<meta property=\"og:locale\" content=\"de_DE\" \/>\n<meta property=\"og:type\" content=\"article\" \/>\n<meta property=\"og:title\" content=\"Toilettenwagen Karlsruhe - Ramses mobile \u00d6rtchen\" \/>\n<meta property=\"og:description\" content=\"Toilettenwagen Karlsruhe Ein Toilettenwagen f\u00fcr jedes Fest in Karlsruhe. Das k\u00f6nnte unser Motto sein. Wir bei Ramses haben es uns zur Aufgabe gemacht, Ihnen f\u00fcr jeden Veranstaltungstyp den passenden Toilettenwagen oder Sanit\u00e4rcontainer nach Karlsruhe zu liefern. Wir haben fr\u00fch erkannt, dass man in Karlsruhe gerne feiert. Aber wo viele Leute feiern, m\u00fcssen auch viele Leute [&hellip;]\" \/>\n<meta property=\"og:url\" content=\"https:\/\/www.toilettenverleih.com\/?page_id=210\" \/>\n<meta property=\"og:site_name\" content=\"Ramses mobile \u00d6rtchen\" \/>\n<meta name=\"twitter:card\" content=\"summary_large_image\" \/>\n<meta name=\"twitter:label1\" content=\"Gesch\u00e4tzte Lesezeit\" \/>\n\t<meta name=\"twitter:data1\" content=\"1\u00a0Minute\" \/>\n<script type=\"application\/ld+json\" class=\"yoast-schema-graph\">{\"@context\":\"https:\/\/schema.org\",\"@graph\":[{\"@type\":\"WebPage\",\"@id\":\"https:\/\/www.toilettenverleih.com\/?page_id=210\",\"url\":\"https:\/\/www.toilettenverleih.com\/?page_id=210\",\"name\":\"Toilettenwagen Karlsruhe - Ramses mobile \u00d6rtchen\",\"isPartOf\":{\"@id\":\"https:\/\/www.toilettenverleih.com\/#website\"},\"datePublished\":\"2017-05-30T11:55:57+00:00\",\"dateModified\":\"2017-05-30T11:55:57+00:00\",\"breadcrumb\":{\"@id\":\"https:\/\/www.toilettenverleih.com\/?page_id=210#breadcrumb\"},\"inLanguage\":\"de\",\"potentialAction\":[{\"@type\":\"ReadAction\",\"target\":[\"https:\/\/www.toilettenverleih.com\/?page_id=210\"]}]},{\"@type\":\"BreadcrumbList\",\"@id\":\"https:\/\/www.toilettenverleih.com\/?page_id=210#breadcrumb\",\"itemListElement\":[{\"@type\":\"ListItem\",\"position\":1,\"name\":\"Startseite\",\"item\":\"https:\/\/www.toilettenverleih.com\/\"},{\"@type\":\"ListItem\",\"position\":2,\"name\":\"Toilettenwagen Karlsruhe\"}]},{\"@type\":\"WebSite\",\"@id\":\"https:\/\/www.toilettenverleih.com\/#website\",\"url\":\"https:\/\/www.toilettenverleih.com\/\",\"name\":\"Ramses mobile \u00d6rtchen\",\"description\":\"Eine weitere WordPress Website\",\"potentialAction\":[{\"@type\":\"SearchAction\",\"target\":{\"@type\":\"EntryPoint\",\"urlTemplate\":\"https:\/\/www.toilettenverleih.com\/?s={search_term_string}\"},\"query-input\":\"required name=search_term_string\"}],\"inLanguage\":\"de\"}]}<\/script>\n<!-- \/ Yoast SEO plugin. -->","yoast_head_json":{"title":"Toilettenwagen Karlsruhe - Ramses mobile \u00d6rtchen","robots":{"index":"index","follow":"follow","max-snippet":"max-snippet:-1","max-image-preview":"max-image-preview:large","max-video-preview":"max-video-preview:-1"},"canonical":"https:\/\/www.toilettenverleih.com\/?page_id=210","og_locale":"de_DE","og_type":"article","og_title":"Toilettenwagen Karlsruhe - Ramses mobile \u00d6rtchen","og_description":"Toilettenwagen Karlsruhe Ein Toilettenwagen f\u00fcr jedes Fest in Karlsruhe. Das k\u00f6nnte unser Motto sein. Wir bei Ramses haben es uns zur Aufgabe gemacht, Ihnen f\u00fcr jeden Veranstaltungstyp den passenden Toilettenwagen oder Sanit\u00e4rcontainer nach Karlsruhe zu liefern. Wir haben fr\u00fch erkannt, dass man in Karlsruhe gerne feiert. Aber wo viele Leute feiern, m\u00fcssen auch viele Leute [&hellip;]","og_url":"https:\/\/www.toilettenverleih.com\/?page_id=210","og_site_name":"Ramses mobile \u00d6rtchen","twitter_card":"summary_large_image","twitter_misc":{"Gesch\u00e4tzte Lesezeit":"1\u00a0Minute"},"schema":{"@context":"https:\/\/schema.org","@graph":[{"@type":"WebPage","@id":"https:\/\/www.toilettenverleih.com\/?page_id=210","url":"https:\/\/www.toilettenverleih.com\/?page_id=210","name":"Toilettenwagen Karlsruhe - Ramses mobile \u00d6rtchen","isPartOf":{"@id":"https:\/\/www.toilettenverleih.com\/#website"},"datePublished":"2017-05-30T11:55:57+00:00","dateModified":"2017-05-30T11:55:57+00:00","breadcrumb":{"@id":"https:\/\/www.toilettenverleih.com\/?page_id=210#breadcrumb"},"inLanguage":"de","potentialAction":[{"@type":"ReadAction","target":["https:\/\/www.toilettenverleih.com\/?page_id=210"]}]},{"@type":"BreadcrumbList","@id":"https:\/\/www.toilettenverleih.com\/?page_id=210#breadcrumb","itemListElement":[{"@type":"ListItem","position":1,"name":"Startseite","item":"https:\/\/www.toilettenverleih.com\/"},{"@type":"ListItem","position":2,"name":"Toilettenwagen Karlsruhe"}]},{"@type":"WebSite","@id":"https:\/\/www.toilettenverleih.com\/#website","url":"https:\/\/www.toilettenverleih.com\/","name":"Ramses mobile \u00d6rtchen","description":"Eine weitere WordPress Website","potentialAction":[{"@type":"SearchAction","target":{"@type":"EntryPoint","urlTemplate":"https:\/\/www.toilettenverleih.com\/?s={search_term_string}"},"query-input":"required name=search_term_string"}],"inLanguage":"de"}]}},"_links":{"self":[{"href":"https:\/\/www.toilettenverleih.com\/index.php?rest_route=\/wp\/v2\/pages\/210"}],"collection":[{"href":"https:\/\/www.toilettenverleih.com\/index.php?rest_route=\/wp\/v2\/pages"}],"about":[{"href":"https:\/\/www.toilettenverleih.com\/index.php?rest_route=\/wp\/v2\/types\/page"}],"author":[{"embeddable":true,"href":"https:\/\/www.toilettenverleih.com\/index.php?rest_route=\/wp\/v2\/users\/1"}],"replies":[{"embeddable":true,"href":"https:\/\/www.toilettenverleih.com\/index.php?rest_route=%2Fwp%2Fv2%2Fcomments&post=210"}],"version-history":[{"count":1,"href":"https:\/\/www.toilettenverleih.com\/index.php?rest_route=\/wp\/v2\/pages\/210\/revisions"}],"predecessor-version":[{"id":211,"href":"https:\/\/www.toilettenverleih.com\/index.php?rest_route=\/wp\/v2\/pages\/210\/revisions\/211"}],"wp:attachment":[{"href":"https:\/\/www.toilettenverleih.com\/index.php?rest_route=%2Fwp%2Fv2%2Fmedia&parent=210"}],"curies":[{"name":"wp","href":"https:\/\/api.w.org\/{rel}","templated":true}]}}