{"id":206,"date":"2017-05-30T13:54:59","date_gmt":"2017-05-30T11:54:59","guid":{"rendered":"http:\/\/www.toilettenverleih.com\/?page_id=206"},"modified":"2017-05-30T13:54:59","modified_gmt":"2017-05-30T11:54:59","slug":"toilettenwagen-kreis-boeblingen","status":"publish","type":"page","link":"https:\/\/www.toilettenverleih.com\/?page_id=206","title":{"rendered":"Toilettenwagen Kreis B\u00f6blingen"},"content":{"rendered":"<h2>Toilettenwagen Kreis B\u00f6blingen<\/h2>\n<p>Der Toilettenwagen oder Sanit\u00e4rcontainer ist das optimale Produkt, wenn es um sanit\u00e4re Entsorgung auf \u00f6ffentlichen Veranstaltungen geht. Wir liefern unsere Toilettenwagen in unterschiedlichen Gr\u00f6\u00dfen auch in den <b>Kreis B\u00f6blingen<\/b>.<\/p>\n<p>Von der Beratung, Aufstellung und laufenden Betreuung bis hin zum Abbau des Toilettenwagen und zur Entsorgung \u00fcbernehmen wir alle Aufgaben, dass Sie sich voll auf Ihre Veranstaltung konzentrieren k\u00f6nnen.<\/p>\n<p>Fragen Sie noch heute nach <b>Toilettenwagen Kreis B\u00f6blingen<\/b> und \u00fcberzeugen Sie sich von den Toilettenwagen der Firma Ramses mobile \u00d6rtchen.<\/p>\n<hr \/>\n<p>Ben\u00f6tigen Sie weitere Informationen zu <b>Toilettenwagen Kreis B\u00f6blingen<\/b>?<\/p>\n<p>Wir stehen Ihnen jeder Zeit zur Verf\u00fcgung. Rufen Sie uns an oder nutzen Sie einfach unser Kontaktformular:<\/p>\n<p><a class=\"hauptfenster\" href=\"http:\/\/alt.toilettenverleih.com\/kontakt.htm\">\u00bb Zum Kontaktformular<\/a><\/p>\n","protected":false},"excerpt":{"rendered":"<p>Toilettenwagen Kreis B\u00f6blingen Der Toilettenwagen oder Sanit\u00e4rcontainer ist das optimale Produkt, wenn es um sanit\u00e4re Entsorgung auf \u00f6ffentlichen Veranstaltungen geht. Wir liefern unsere Toilettenwagen in unterschiedlichen Gr\u00f6\u00dfen auch in den Kreis B\u00f6blingen. Von der Beratung, Aufstellung und laufenden Betreuung bis hin zum Abbau des Toilettenwagen und zur Entsorgung \u00fcbernehmen wir alle Aufgaben, dass Sie sich [&hellip;]<\/p>\n","protected":false},"author":1,"featured_media":0,"parent":0,"menu_order":0,"comment_status":"closed","ping_status":"closed","template":"","meta":{"ngg_post_thumbnail":0,"footnotes":""},"yoast_head":"<!-- This site is optimized with the Yoast SEO plugin v22.5 - https:\/\/yoast.com\/wordpress\/plugins\/seo\/ -->\n<title>Toilettenwagen Kreis B\u00f6blingen - Ramses mobile \u00d6rtchen<\/title>\n<meta name=\"robots\" content=\"index, follow, max-snippet:-1, max-image-preview:large, max-video-preview:-1\" \/>\n<link rel=\"canonical\" href=\"https:\/\/www.toilettenverleih.com\/?page_id=206\" \/>\n<meta property=\"og:locale\" content=\"de_DE\" \/>\n<meta property=\"og:type\" content=\"article\" \/>\n<meta property=\"og:title\" content=\"Toilettenwagen Kreis B\u00f6blingen - Ramses mobile \u00d6rtchen\" \/>\n<meta property=\"og:description\" content=\"Toilettenwagen Kreis B\u00f6blingen Der Toilettenwagen oder Sanit\u00e4rcontainer ist das optimale Produkt, wenn es um sanit\u00e4re Entsorgung auf \u00f6ffentlichen Veranstaltungen geht. Wir liefern unsere Toilettenwagen in unterschiedlichen Gr\u00f6\u00dfen auch in den Kreis B\u00f6blingen. Von der Beratung, Aufstellung und laufenden Betreuung bis hin zum Abbau des Toilettenwagen und zur Entsorgung \u00fcbernehmen wir alle Aufgaben, dass Sie sich [&hellip;]\" \/>\n<meta property=\"og:url\" content=\"https:\/\/www.toilettenverleih.com\/?page_id=206\" \/>\n<meta property=\"og:site_name\" content=\"Ramses mobile \u00d6rtchen\" \/>\n<meta name=\"twitter:card\" content=\"summary_large_image\" \/>\n<meta name=\"twitter:label1\" content=\"Gesch\u00e4tzte Lesezeit\" \/>\n\t<meta name=\"twitter:data1\" content=\"1\u00a0Minute\" \/>\n<script type=\"application\/ld+json\" class=\"yoast-schema-graph\">{\"@context\":\"https:\/\/schema.org\",\"@graph\":[{\"@type\":\"WebPage\",\"@id\":\"https:\/\/www.toilettenverleih.com\/?page_id=206\",\"url\":\"https:\/\/www.toilettenverleih.com\/?page_id=206\",\"name\":\"Toilettenwagen Kreis B\u00f6blingen - Ramses mobile \u00d6rtchen\",\"isPartOf\":{\"@id\":\"https:\/\/www.toilettenverleih.com\/#website\"},\"datePublished\":\"2017-05-30T11:54:59+00:00\",\"dateModified\":\"2017-05-30T11:54:59+00:00\",\"breadcrumb\":{\"@id\":\"https:\/\/www.toilettenverleih.com\/?page_id=206#breadcrumb\"},\"inLanguage\":\"de\",\"potentialAction\":[{\"@type\":\"ReadAction\",\"target\":[\"https:\/\/www.toilettenverleih.com\/?page_id=206\"]}]},{\"@type\":\"BreadcrumbList\",\"@id\":\"https:\/\/www.toilettenverleih.com\/?page_id=206#breadcrumb\",\"itemListElement\":[{\"@type\":\"ListItem\",\"position\":1,\"name\":\"Startseite\",\"item\":\"https:\/\/www.toilettenverleih.com\/\"},{\"@type\":\"ListItem\",\"position\":2,\"name\":\"Toilettenwagen Kreis B\u00f6blingen\"}]},{\"@type\":\"WebSite\",\"@id\":\"https:\/\/www.toilettenverleih.com\/#website\",\"url\":\"https:\/\/www.toilettenverleih.com\/\",\"name\":\"Ramses mobile \u00d6rtchen\",\"description\":\"Eine weitere WordPress Website\",\"potentialAction\":[{\"@type\":\"SearchAction\",\"target\":{\"@type\":\"EntryPoint\",\"urlTemplate\":\"https:\/\/www.toilettenverleih.com\/?s={search_term_string}\"},\"query-input\":\"required name=search_term_string\"}],\"inLanguage\":\"de\"}]}<\/script>\n<!-- \/ Yoast SEO plugin. -->","yoast_head_json":{"title":"Toilettenwagen Kreis B\u00f6blingen - Ramses mobile \u00d6rtchen","robots":{"index":"index","follow":"follow","max-snippet":"max-snippet:-1","max-image-preview":"max-image-preview:large","max-video-preview":"max-video-preview:-1"},"canonical":"https:\/\/www.toilettenverleih.com\/?page_id=206","og_locale":"de_DE","og_type":"article","og_title":"Toilettenwagen Kreis B\u00f6blingen - Ramses mobile \u00d6rtchen","og_description":"Toilettenwagen Kreis B\u00f6blingen Der Toilettenwagen oder Sanit\u00e4rcontainer ist das optimale Produkt, wenn es um sanit\u00e4re Entsorgung auf \u00f6ffentlichen Veranstaltungen geht. Wir liefern unsere Toilettenwagen in unterschiedlichen Gr\u00f6\u00dfen auch in den Kreis B\u00f6blingen. Von der Beratung, Aufstellung und laufenden Betreuung bis hin zum Abbau des Toilettenwagen und zur Entsorgung \u00fcbernehmen wir alle Aufgaben, dass Sie sich [&hellip;]","og_url":"https:\/\/www.toilettenverleih.com\/?page_id=206","og_site_name":"Ramses mobile \u00d6rtchen","twitter_card":"summary_large_image","twitter_misc":{"Gesch\u00e4tzte Lesezeit":"1\u00a0Minute"},"schema":{"@context":"https:\/\/schema.org","@graph":[{"@type":"WebPage","@id":"https:\/\/www.toilettenverleih.com\/?page_id=206","url":"https:\/\/www.toilettenverleih.com\/?page_id=206","name":"Toilettenwagen Kreis B\u00f6blingen - Ramses mobile \u00d6rtchen","isPartOf":{"@id":"https:\/\/www.toilettenverleih.com\/#website"},"datePublished":"2017-05-30T11:54:59+00:00","dateModified":"2017-05-30T11:54:59+00:00","breadcrumb":{"@id":"https:\/\/www.toilettenverleih.com\/?page_id=206#breadcrumb"},"inLanguage":"de","potentialAction":[{"@type":"ReadAction","target":["https:\/\/www.toilettenverleih.com\/?page_id=206"]}]},{"@type":"BreadcrumbList","@id":"https:\/\/www.toilettenverleih.com\/?page_id=206#breadcrumb","itemListElement":[{"@type":"ListItem","position":1,"name":"Startseite","item":"https:\/\/www.toilettenverleih.com\/"},{"@type":"ListItem","position":2,"name":"Toilettenwagen Kreis B\u00f6blingen"}]},{"@type":"WebSite","@id":"https:\/\/www.toilettenverleih.com\/#website","url":"https:\/\/www.toilettenverleih.com\/","name":"Ramses mobile \u00d6rtchen","description":"Eine weitere WordPress Website","potentialAction":[{"@type":"SearchAction","target":{"@type":"EntryPoint","urlTemplate":"https:\/\/www.toilettenverleih.com\/?s={search_term_string}"},"query-input":"required name=search_term_string"}],"inLanguage":"de"}]}},"_links":{"self":[{"href":"https:\/\/www.toilettenverleih.com\/index.php?rest_route=\/wp\/v2\/pages\/206"}],"collection":[{"href":"https:\/\/www.toilettenverleih.com\/index.php?rest_route=\/wp\/v2\/pages"}],"about":[{"href":"https:\/\/www.toilettenverleih.com\/index.php?rest_route=\/wp\/v2\/types\/page"}],"author":[{"embeddable":true,"href":"https:\/\/www.toilettenverleih.com\/index.php?rest_route=\/wp\/v2\/users\/1"}],"replies":[{"embeddable":true,"href":"https:\/\/www.toilettenverleih.com\/index.php?rest_route=%2Fwp%2Fv2%2Fcomments&post=206"}],"version-history":[{"count":1,"href":"https:\/\/www.toilettenverleih.com\/index.php?rest_route=\/wp\/v2\/pages\/206\/revisions"}],"predecessor-version":[{"id":209,"href":"https:\/\/www.toilettenverleih.com\/index.php?rest_route=\/wp\/v2\/pages\/206\/revisions\/209"}],"wp:attachment":[{"href":"https:\/\/www.toilettenverleih.com\/index.php?rest_route=%2Fwp%2Fv2%2Fmedia&parent=206"}],"curies":[{"name":"wp","href":"https:\/\/api.w.org\/{rel}","templated":true}]}}