{"id":192,"date":"2017-05-30T13:51:35","date_gmt":"2017-05-30T11:51:35","guid":{"rendered":"http:\/\/www.toilettenverleih.com\/?page_id=192"},"modified":"2017-05-30T13:51:35","modified_gmt":"2017-05-30T11:51:35","slug":"toilettenwagen-pforzheim","status":"publish","type":"page","link":"https:\/\/www.toilettenverleih.com\/?page_id=192","title":{"rendered":"Toilettenwagen Pforzheim"},"content":{"rendered":"<h2>Toilettenwagen Pforzheim<\/h2>\n<p>Wir liefern den <b>Toilettenwagen f\u00fcr Pforzheim<\/b>. Ramses mobile \u00d6rtchen beliefert seit 25 Jahren Toilettenwagen nach Pforzheim und ins Umland.<\/p>\n<p>Unsere Hauptkunden sind viele Vereine und \u00f6ffentlichen Kommunen, welche unsere Toilettenwagen f\u00fcr die vielen <b>Stra\u00dfenfeste, M\u00e4rkte und f\u00fcr die \u00f6ffentlichen Veranstaltungen<\/b> ben\u00f6tigen, welche es in Pforzheim gibt.<\/p>\n<p>Durch die unmittelbare N\u00e4he unserer Firma zu Pforzheim ist es uns m\u00f6glich auch auf kurzfristige Termin\u00e4nderungen zu reagieren. Somit k\u00f6nnen wir unseren Kunden optimalen Serivce gew\u00e4hrleisten.<\/p>\n<p>Unsere Toilettenwagen gibt es in unterschiedlichen Ausf\u00fchrungen. Zum einen einen <b>gro\u00dfen Toilettenwagen<\/b> und zum anderen den <b>kleineren Toilettenwagen<\/b>. W\u00e4hrend der gro\u00dfe Toilettenwagen auch den Ansturm auf gro\u00dfen Veranstaltungen gewachsen ist, ist unser kleiner Toilettenwagen der optimale Wagen f\u00fcr das kleinere Stra\u00dfenfest.<\/p>\n<p>\u00dcberzeugen Sie sich doch auch von unseren Toilettenwagen. Wir w\u00fcrden uns freuen unsere Toilettenwagen auch zu Ihnen nach Pforzheim bringen zu d\u00fcrfen.<\/p>\n<hr \/>\n<p>Ben\u00f6tigen Sie weitere Informationen zu <b>Toilettenwagen Pforzheim<\/b>?<\/p>\n<p>Wir stehen Ihnen jeder Zeit zur Verf\u00fcgung. Rufen Sie uns an oder nutzen Sie einfach unser Kontaktformular:<\/p>\n<p><a class=\"hauptfenster\" href=\"http:\/\/alt.toilettenverleih.com\/kontakt.htm\">\u00bb Zum Kontaktformular<\/a><\/p>\n","protected":false},"excerpt":{"rendered":"<p>Toilettenwagen Pforzheim Wir liefern den Toilettenwagen f\u00fcr Pforzheim. Ramses mobile \u00d6rtchen beliefert seit 25 Jahren Toilettenwagen nach Pforzheim und ins Umland. Unsere Hauptkunden sind viele Vereine und \u00f6ffentlichen Kommunen, welche unsere Toilettenwagen f\u00fcr die vielen Stra\u00dfenfeste, M\u00e4rkte und f\u00fcr die \u00f6ffentlichen Veranstaltungen ben\u00f6tigen, welche es in Pforzheim gibt. Durch die unmittelbare N\u00e4he unserer Firma zu [&hellip;]<\/p>\n","protected":false},"author":1,"featured_media":0,"parent":0,"menu_order":0,"comment_status":"closed","ping_status":"closed","template":"","meta":{"ngg_post_thumbnail":0,"footnotes":""},"yoast_head":"<!-- This site is optimized with the Yoast SEO plugin v22.5 - https:\/\/yoast.com\/wordpress\/plugins\/seo\/ -->\n<title>Toilettenwagen Pforzheim - Ramses mobile \u00d6rtchen<\/title>\n<meta name=\"robots\" content=\"index, follow, max-snippet:-1, max-image-preview:large, max-video-preview:-1\" \/>\n<link rel=\"canonical\" href=\"https:\/\/www.toilettenverleih.com\/?page_id=192\" \/>\n<meta property=\"og:locale\" content=\"de_DE\" \/>\n<meta property=\"og:type\" content=\"article\" \/>\n<meta property=\"og:title\" content=\"Toilettenwagen Pforzheim - Ramses mobile \u00d6rtchen\" \/>\n<meta property=\"og:description\" content=\"Toilettenwagen Pforzheim Wir liefern den Toilettenwagen f\u00fcr Pforzheim. Ramses mobile \u00d6rtchen beliefert seit 25 Jahren Toilettenwagen nach Pforzheim und ins Umland. Unsere Hauptkunden sind viele Vereine und \u00f6ffentlichen Kommunen, welche unsere Toilettenwagen f\u00fcr die vielen Stra\u00dfenfeste, M\u00e4rkte und f\u00fcr die \u00f6ffentlichen Veranstaltungen ben\u00f6tigen, welche es in Pforzheim gibt. Durch die unmittelbare N\u00e4he unserer Firma zu [&hellip;]\" \/>\n<meta property=\"og:url\" content=\"https:\/\/www.toilettenverleih.com\/?page_id=192\" \/>\n<meta property=\"og:site_name\" content=\"Ramses mobile \u00d6rtchen\" \/>\n<meta name=\"twitter:card\" content=\"summary_large_image\" \/>\n<meta name=\"twitter:label1\" content=\"Gesch\u00e4tzte Lesezeit\" \/>\n\t<meta name=\"twitter:data1\" content=\"1\u00a0Minute\" \/>\n<script type=\"application\/ld+json\" class=\"yoast-schema-graph\">{\"@context\":\"https:\/\/schema.org\",\"@graph\":[{\"@type\":\"WebPage\",\"@id\":\"https:\/\/www.toilettenverleih.com\/?page_id=192\",\"url\":\"https:\/\/www.toilettenverleih.com\/?page_id=192\",\"name\":\"Toilettenwagen Pforzheim - Ramses mobile \u00d6rtchen\",\"isPartOf\":{\"@id\":\"https:\/\/www.toilettenverleih.com\/#website\"},\"datePublished\":\"2017-05-30T11:51:35+00:00\",\"dateModified\":\"2017-05-30T11:51:35+00:00\",\"breadcrumb\":{\"@id\":\"https:\/\/www.toilettenverleih.com\/?page_id=192#breadcrumb\"},\"inLanguage\":\"de\",\"potentialAction\":[{\"@type\":\"ReadAction\",\"target\":[\"https:\/\/www.toilettenverleih.com\/?page_id=192\"]}]},{\"@type\":\"BreadcrumbList\",\"@id\":\"https:\/\/www.toilettenverleih.com\/?page_id=192#breadcrumb\",\"itemListElement\":[{\"@type\":\"ListItem\",\"position\":1,\"name\":\"Startseite\",\"item\":\"https:\/\/www.toilettenverleih.com\/\"},{\"@type\":\"ListItem\",\"position\":2,\"name\":\"Toilettenwagen Pforzheim\"}]},{\"@type\":\"WebSite\",\"@id\":\"https:\/\/www.toilettenverleih.com\/#website\",\"url\":\"https:\/\/www.toilettenverleih.com\/\",\"name\":\"Ramses mobile \u00d6rtchen\",\"description\":\"Eine weitere WordPress Website\",\"potentialAction\":[{\"@type\":\"SearchAction\",\"target\":{\"@type\":\"EntryPoint\",\"urlTemplate\":\"https:\/\/www.toilettenverleih.com\/?s={search_term_string}\"},\"query-input\":\"required name=search_term_string\"}],\"inLanguage\":\"de\"}]}<\/script>\n<!-- \/ Yoast SEO plugin. -->","yoast_head_json":{"title":"Toilettenwagen Pforzheim - Ramses mobile \u00d6rtchen","robots":{"index":"index","follow":"follow","max-snippet":"max-snippet:-1","max-image-preview":"max-image-preview:large","max-video-preview":"max-video-preview:-1"},"canonical":"https:\/\/www.toilettenverleih.com\/?page_id=192","og_locale":"de_DE","og_type":"article","og_title":"Toilettenwagen Pforzheim - Ramses mobile \u00d6rtchen","og_description":"Toilettenwagen Pforzheim Wir liefern den Toilettenwagen f\u00fcr Pforzheim. Ramses mobile \u00d6rtchen beliefert seit 25 Jahren Toilettenwagen nach Pforzheim und ins Umland. Unsere Hauptkunden sind viele Vereine und \u00f6ffentlichen Kommunen, welche unsere Toilettenwagen f\u00fcr die vielen Stra\u00dfenfeste, M\u00e4rkte und f\u00fcr die \u00f6ffentlichen Veranstaltungen ben\u00f6tigen, welche es in Pforzheim gibt. Durch die unmittelbare N\u00e4he unserer Firma zu [&hellip;]","og_url":"https:\/\/www.toilettenverleih.com\/?page_id=192","og_site_name":"Ramses mobile \u00d6rtchen","twitter_card":"summary_large_image","twitter_misc":{"Gesch\u00e4tzte Lesezeit":"1\u00a0Minute"},"schema":{"@context":"https:\/\/schema.org","@graph":[{"@type":"WebPage","@id":"https:\/\/www.toilettenverleih.com\/?page_id=192","url":"https:\/\/www.toilettenverleih.com\/?page_id=192","name":"Toilettenwagen Pforzheim - Ramses mobile \u00d6rtchen","isPartOf":{"@id":"https:\/\/www.toilettenverleih.com\/#website"},"datePublished":"2017-05-30T11:51:35+00:00","dateModified":"2017-05-30T11:51:35+00:00","breadcrumb":{"@id":"https:\/\/www.toilettenverleih.com\/?page_id=192#breadcrumb"},"inLanguage":"de","potentialAction":[{"@type":"ReadAction","target":["https:\/\/www.toilettenverleih.com\/?page_id=192"]}]},{"@type":"BreadcrumbList","@id":"https:\/\/www.toilettenverleih.com\/?page_id=192#breadcrumb","itemListElement":[{"@type":"ListItem","position":1,"name":"Startseite","item":"https:\/\/www.toilettenverleih.com\/"},{"@type":"ListItem","position":2,"name":"Toilettenwagen Pforzheim"}]},{"@type":"WebSite","@id":"https:\/\/www.toilettenverleih.com\/#website","url":"https:\/\/www.toilettenverleih.com\/","name":"Ramses mobile \u00d6rtchen","description":"Eine weitere WordPress Website","potentialAction":[{"@type":"SearchAction","target":{"@type":"EntryPoint","urlTemplate":"https:\/\/www.toilettenverleih.com\/?s={search_term_string}"},"query-input":"required name=search_term_string"}],"inLanguage":"de"}]}},"_links":{"self":[{"href":"https:\/\/www.toilettenverleih.com\/index.php?rest_route=\/wp\/v2\/pages\/192"}],"collection":[{"href":"https:\/\/www.toilettenverleih.com\/index.php?rest_route=\/wp\/v2\/pages"}],"about":[{"href":"https:\/\/www.toilettenverleih.com\/index.php?rest_route=\/wp\/v2\/types\/page"}],"author":[{"embeddable":true,"href":"https:\/\/www.toilettenverleih.com\/index.php?rest_route=\/wp\/v2\/users\/1"}],"replies":[{"embeddable":true,"href":"https:\/\/www.toilettenverleih.com\/index.php?rest_route=%2Fwp%2Fv2%2Fcomments&post=192"}],"version-history":[{"count":1,"href":"https:\/\/www.toilettenverleih.com\/index.php?rest_route=\/wp\/v2\/pages\/192\/revisions"}],"predecessor-version":[{"id":193,"href":"https:\/\/www.toilettenverleih.com\/index.php?rest_route=\/wp\/v2\/pages\/192\/revisions\/193"}],"wp:attachment":[{"href":"https:\/\/www.toilettenverleih.com\/index.php?rest_route=%2Fwp%2Fv2%2Fmedia&parent=192"}],"curies":[{"name":"wp","href":"https:\/\/api.w.org\/{rel}","templated":true}]}}