{"id":16,"date":"2016-06-29T14:56:58","date_gmt":"2016-06-29T12:56:58","guid":{"rendered":"http:\/\/www.toilettenverleih.com\/?page_id=16"},"modified":"2024-04-19T16:25:28","modified_gmt":"2024-04-19T14:25:28","slug":"firmenprofil","status":"publish","type":"page","link":"https:\/\/www.toilettenverleih.com\/?page_id=16","title":{"rendered":"Firmenprofil"},"content":{"rendered":"<p>Hallo! Mein Name ist Walter Ramsayer und seit stolzen <strong>35 Jahren<\/strong> leite ich mit Leidenschaft die Firma Ramses mobile \u00d6rtchen in Friolzheim.<br \/>\nUnser Fokus liegt darauf, Ihnen die Bereitstellung von mobilen Sanit\u00e4ranlagen zu erm\u00f6glichen sowie die fachgerechte Entsorgung der R\u00fcckst\u00e4nde zu \u00fcbernehmen.<\/p>\n<p><strong>Unser Kundenstamm ist vielf\u00e4ltig:<\/strong> Wir bedienen haupts\u00e4chlich den Industriezweig der Baubranche, der unsere mobilen Toilettenkabinen auf seinen Baustellen ben\u00f6tigt. Zus\u00e4tzlich stehen wir Gemeinden und St\u00e4dten zur Seite, indem wir sie mit WC-Containern und Toilettenwagen f\u00fcr \u00f6ffentliche Veranstaltungen wie Stra\u00dfenfeste oder M\u00e4rkte versorgen.<\/p>\n<p>Auch Privatpersonen unterst\u00fctzen wir gerne, indem wir f\u00fcr sie die optimale L\u00f6sung<br \/>\nf\u00fcr private <strong>Gartenfeiern<\/strong>, <strong>Hochzeiten<\/strong> <strong>im Freien<\/strong> oder andere <strong>Festlichkeiten<\/strong> finden. Wo immer Ihre h\u00e4usliche Toilette nicht erreichbar ist oder geschont werden soll, springen wir ein.<\/p>\n<p>Unser Unternehmen hat sich seinen exzellenten Ruf durch <strong>Flexibilit\u00e4t<\/strong>, <strong>Zuverl\u00e4ssigkeit<\/strong> und <strong>erstklassigen Service<\/strong> erarbeitet. Wir operieren haupts\u00e4chlich im Baden-W\u00fcrttembergischen Enzkreis, Kreis B\u00f6blingen, Kreis Calw, Kreis Ludwigsburg und dem Kreis Stuttgart. Dank dieser regionalen N\u00e4he k\u00f6nnen wir eine schnelle Bereitstellung und Entsorgung gew\u00e4hrleisten.<\/p>\n<p>Ich w\u00fcnsche Ihnen einen wundervollen Tag und hoffe, Ihr Interesse geweckt zu haben. Falls Sie weitere Fragen haben oder unseren Service nutzen m\u00f6chten, z\u00f6gern Sie nicht, uns telefonisch, per Fax oder per E-Mail zu kontaktieren.<\/p>\n<p>Mit freundlichen Gr\u00fc\u00dfen,<\/p>\n<p>Walter Ramsayer<\/p>\n","protected":false},"excerpt":{"rendered":"<p>Hallo! Mein Name ist Walter Ramsayer und seit stolzen 35 Jahren leite ich mit Leidenschaft die Firma Ramses mobile \u00d6rtchen in Friolzheim. Unser Fokus liegt darauf, Ihnen die Bereitstellung von mobilen Sanit\u00e4ranlagen zu erm\u00f6glichen sowie die fachgerechte Entsorgung der R\u00fcckst\u00e4nde zu \u00fcbernehmen. Unser Kundenstamm ist vielf\u00e4ltig: Wir bedienen haupts\u00e4chlich den Industriezweig der Baubranche, der unsere [&hellip;]<\/p>\n","protected":false},"author":1,"featured_media":0,"parent":0,"menu_order":0,"comment_status":"closed","ping_status":"closed","template":"","meta":{"ngg_post_thumbnail":0,"footnotes":""},"yoast_head":"<!-- This site is optimized with the Yoast SEO plugin v22.5 - https:\/\/yoast.com\/wordpress\/plugins\/seo\/ -->\n<title>Firmenprofil - Ramses mobile \u00d6rtchen<\/title>\n<meta name=\"robots\" content=\"index, follow, max-snippet:-1, max-image-preview:large, max-video-preview:-1\" \/>\n<link rel=\"canonical\" href=\"https:\/\/www.toilettenverleih.com\/?page_id=16\" \/>\n<meta property=\"og:locale\" content=\"de_DE\" \/>\n<meta property=\"og:type\" content=\"article\" \/>\n<meta property=\"og:title\" content=\"Firmenprofil - Ramses mobile \u00d6rtchen\" \/>\n<meta property=\"og:description\" content=\"Hallo! Mein Name ist Walter Ramsayer und seit stolzen 35 Jahren leite ich mit Leidenschaft die Firma Ramses mobile \u00d6rtchen in Friolzheim. Unser Fokus liegt darauf, Ihnen die Bereitstellung von mobilen Sanit\u00e4ranlagen zu erm\u00f6glichen sowie die fachgerechte Entsorgung der R\u00fcckst\u00e4nde zu \u00fcbernehmen. Unser Kundenstamm ist vielf\u00e4ltig: Wir bedienen haupts\u00e4chlich den Industriezweig der Baubranche, der unsere [&hellip;]\" \/>\n<meta property=\"og:url\" content=\"https:\/\/www.toilettenverleih.com\/?page_id=16\" \/>\n<meta property=\"og:site_name\" content=\"Ramses mobile \u00d6rtchen\" \/>\n<meta property=\"article:modified_time\" content=\"2024-04-19T14:25:28+00:00\" \/>\n<meta name=\"twitter:card\" content=\"summary_large_image\" \/>\n<meta name=\"twitter:label1\" content=\"Gesch\u00e4tzte Lesezeit\" \/>\n\t<meta name=\"twitter:data1\" content=\"1\u00a0Minute\" \/>\n<script type=\"application\/ld+json\" class=\"yoast-schema-graph\">{\"@context\":\"https:\/\/schema.org\",\"@graph\":[{\"@type\":\"WebPage\",\"@id\":\"https:\/\/www.toilettenverleih.com\/?page_id=16\",\"url\":\"https:\/\/www.toilettenverleih.com\/?page_id=16\",\"name\":\"Firmenprofil - Ramses mobile \u00d6rtchen\",\"isPartOf\":{\"@id\":\"https:\/\/www.toilettenverleih.com\/#website\"},\"datePublished\":\"2016-06-29T12:56:58+00:00\",\"dateModified\":\"2024-04-19T14:25:28+00:00\",\"breadcrumb\":{\"@id\":\"https:\/\/www.toilettenverleih.com\/?page_id=16#breadcrumb\"},\"inLanguage\":\"de\",\"potentialAction\":[{\"@type\":\"ReadAction\",\"target\":[\"https:\/\/www.toilettenverleih.com\/?page_id=16\"]}]},{\"@type\":\"BreadcrumbList\",\"@id\":\"https:\/\/www.toilettenverleih.com\/?page_id=16#breadcrumb\",\"itemListElement\":[{\"@type\":\"ListItem\",\"position\":1,\"name\":\"Startseite\",\"item\":\"https:\/\/www.toilettenverleih.com\/\"},{\"@type\":\"ListItem\",\"position\":2,\"name\":\"Firmenprofil\"}]},{\"@type\":\"WebSite\",\"@id\":\"https:\/\/www.toilettenverleih.com\/#website\",\"url\":\"https:\/\/www.toilettenverleih.com\/\",\"name\":\"Ramses mobile \u00d6rtchen\",\"description\":\"Eine weitere WordPress Website\",\"potentialAction\":[{\"@type\":\"SearchAction\",\"target\":{\"@type\":\"EntryPoint\",\"urlTemplate\":\"https:\/\/www.toilettenverleih.com\/?s={search_term_string}\"},\"query-input\":\"required name=search_term_string\"}],\"inLanguage\":\"de\"}]}<\/script>\n<!-- \/ Yoast SEO plugin. -->","yoast_head_json":{"title":"Firmenprofil - Ramses mobile \u00d6rtchen","robots":{"index":"index","follow":"follow","max-snippet":"max-snippet:-1","max-image-preview":"max-image-preview:large","max-video-preview":"max-video-preview:-1"},"canonical":"https:\/\/www.toilettenverleih.com\/?page_id=16","og_locale":"de_DE","og_type":"article","og_title":"Firmenprofil - Ramses mobile \u00d6rtchen","og_description":"Hallo! Mein Name ist Walter Ramsayer und seit stolzen 35 Jahren leite ich mit Leidenschaft die Firma Ramses mobile \u00d6rtchen in Friolzheim. Unser Fokus liegt darauf, Ihnen die Bereitstellung von mobilen Sanit\u00e4ranlagen zu erm\u00f6glichen sowie die fachgerechte Entsorgung der R\u00fcckst\u00e4nde zu \u00fcbernehmen. Unser Kundenstamm ist vielf\u00e4ltig: Wir bedienen haupts\u00e4chlich den Industriezweig der Baubranche, der unsere [&hellip;]","og_url":"https:\/\/www.toilettenverleih.com\/?page_id=16","og_site_name":"Ramses mobile \u00d6rtchen","article_modified_time":"2024-04-19T14:25:28+00:00","twitter_card":"summary_large_image","twitter_misc":{"Gesch\u00e4tzte Lesezeit":"1\u00a0Minute"},"schema":{"@context":"https:\/\/schema.org","@graph":[{"@type":"WebPage","@id":"https:\/\/www.toilettenverleih.com\/?page_id=16","url":"https:\/\/www.toilettenverleih.com\/?page_id=16","name":"Firmenprofil - Ramses mobile \u00d6rtchen","isPartOf":{"@id":"https:\/\/www.toilettenverleih.com\/#website"},"datePublished":"2016-06-29T12:56:58+00:00","dateModified":"2024-04-19T14:25:28+00:00","breadcrumb":{"@id":"https:\/\/www.toilettenverleih.com\/?page_id=16#breadcrumb"},"inLanguage":"de","potentialAction":[{"@type":"ReadAction","target":["https:\/\/www.toilettenverleih.com\/?page_id=16"]}]},{"@type":"BreadcrumbList","@id":"https:\/\/www.toilettenverleih.com\/?page_id=16#breadcrumb","itemListElement":[{"@type":"ListItem","position":1,"name":"Startseite","item":"https:\/\/www.toilettenverleih.com\/"},{"@type":"ListItem","position":2,"name":"Firmenprofil"}]},{"@type":"WebSite","@id":"https:\/\/www.toilettenverleih.com\/#website","url":"https:\/\/www.toilettenverleih.com\/","name":"Ramses mobile \u00d6rtchen","description":"Eine weitere WordPress Website","potentialAction":[{"@type":"SearchAction","target":{"@type":"EntryPoint","urlTemplate":"https:\/\/www.toilettenverleih.com\/?s={search_term_string}"},"query-input":"required name=search_term_string"}],"inLanguage":"de"}]}},"_links":{"self":[{"href":"https:\/\/www.toilettenverleih.com\/index.php?rest_route=\/wp\/v2\/pages\/16"}],"collection":[{"href":"https:\/\/www.toilettenverleih.com\/index.php?rest_route=\/wp\/v2\/pages"}],"about":[{"href":"https:\/\/www.toilettenverleih.com\/index.php?rest_route=\/wp\/v2\/types\/page"}],"author":[{"embeddable":true,"href":"https:\/\/www.toilettenverleih.com\/index.php?rest_route=\/wp\/v2\/users\/1"}],"replies":[{"embeddable":true,"href":"https:\/\/www.toilettenverleih.com\/index.php?rest_route=%2Fwp%2Fv2%2Fcomments&post=16"}],"version-history":[{"count":3,"href":"https:\/\/www.toilettenverleih.com\/index.php?rest_route=\/wp\/v2\/pages\/16\/revisions"}],"predecessor-version":[{"id":422,"href":"https:\/\/www.toilettenverleih.com\/index.php?rest_route=\/wp\/v2\/pages\/16\/revisions\/422"}],"wp:attachment":[{"href":"https:\/\/www.toilettenverleih.com\/index.php?rest_route=%2Fwp%2Fv2%2Fmedia&parent=16"}],"curies":[{"name":"wp","href":"https:\/\/api.w.org\/{rel}","templated":true}]}}